{"id":4309,"date":"2023-05-21T13:51:34","date_gmt":"2023-05-21T13:51:34","guid":{"rendered":"https:\/\/cedecur.org\/web\/?page_id=4309"},"modified":"2023-05-21T14:16:36","modified_gmt":"2023-05-21T14:16:36","slug":"terminos-y-condiciones","status":"publish","type":"page","link":"https:\/\/cedecur.org\/web\/terminos-y-condiciones\/","title":{"rendered":"T\u00e9rminos y Condiciones"},"content":{"rendered":"<p class=\"p3\" style=\"text-align: justify;\">Los T\u00e9rminos y Condiciones generales que a continuaci\u00f3n se establecen regulan el uso del Sitio de Internet\u00a0<b>www.cedecur.org<\/b>\u00a0el cual es puesto a disposici\u00f3n de los usuarios de Internet. La sola utilizaci\u00f3n del sitio atribuye la condici\u00f3n de usuario de\u00a0<b>Cedecur<\/b>\u00a0(en adelante, el \u201cUsuario\u201d) y expresa la aceptaci\u00f3n plena y sin reservas del Usuario en todos y cada uno de los T\u00e9rminos y Condiciones en la versi\u00f3n publicada por\u00a0<b>Cedecur<\/b>\u00a0en el momento mismo en que el usuario acceda a\u00a0<b>Cedecur<\/b>\u00a0En consecuencia, el usuario debe leer atentamente los T\u00e9rminos y Condiciones en cada una de las ocasiones en que se proponga utilizar\u00a0<b>Cedecur<\/b>. Los T\u00e9rminos y Condiciones podr\u00e1n ser modificados en todo o en parte \u00fanicamente por\u00a0<b>Cedecur<\/b>, y dichos cambios e implementaci\u00f3n tendr\u00e1n vigencia a partir del momento mismo en que sean publicados o insertados en el sitio o desde que sean notificados al usuario por cualquier medio, lo que ocurra primero. Por lo expuesto, se sugiere que los visite peri\u00f3dicamente. Las violaciones a los T\u00e9rminos y Condiciones generar\u00e1n el derecho a favor de\u00a0<b>Cedecur<\/b>\u00a0a suspender o terminar la prestaci\u00f3n del servicio al usuario que las haya realizado, por acci\u00f3n u omisi\u00f3n.<\/p>\n<h2 style=\"text-align: justify;\"><b>Responsabilidad por la informaci\u00f3n contenida<\/b><\/h2>\n<p style=\"text-align: justify;\"><b>Cedecur<\/b>\u00a0no ser\u00e1 responsable por los da\u00f1os y perjuicios que pudieran ocasionarse mediante el uso de la informaci\u00f3n provista por medio del servicio, salvo que dicha informaci\u00f3n haya sido brindada manifiestamente con \u00e1nimo de da\u00f1ar a los usuarios del servicio. Debido a que en la actualidad los medios t\u00e9cnicos disponibles no permiten garantizar la absoluta falta de injerencia de la acci\u00f3n de terceras personas en los sitios publicados en Internet,\u00a0<b>Cedecur<\/b>\u00a0de ninguna manera garantiza la exactitud y\/o veracidad de todo o parte de la informaci\u00f3n contenida en el sitio, ni su actualizaci\u00f3n, ni que dicha informaci\u00f3n haya sido alterada o modificada en todo o en parte, luego de haber sido incluida en el sitio, ni cualquier otro aspecto o caracter\u00edstica de la informaci\u00f3n brindada por medio del sitio o a trav\u00e9s de los links eventualmente incluidos en el mismo. Respecto de aquellos programas, materiales o informaci\u00f3n que se haya puesto a disposici\u00f3n del usuario para que \u00e9ste pueda descargarlos en su equipo, sistema o cualquier medio o soporte de memoria de su propiedad o cuya tenencia detente (\u201cmateriales de download\u201d) por parte de\u00a0<b>Cedecur<\/b>\u00a0o cualquier proveedor de informaci\u00f3n,\u00a0<b>Cedecur<\/b>\u00a0informa que inicialmente dichos programas fueron revisados a\u00a0efectos de considerarlos libres de virus, u otros medios tecnol\u00f3gicos de tipo destructivo. <b>Cedecur<\/b>\u00a0no controla ni garantiza la ausencia de virus ni de otros elementos en los contenidos que puedan producir alteraciones en su sistema inform\u00e1tico (software y hardware) o en los documentos electr\u00f3nicos y ficheros almacenados en su sistema inform\u00e1tico.\u00a0<b>Cedecur<\/b>\u00a0excluye cualquier responsabilidad por los da\u00f1os y perjuicios de toda naturaleza que puedan deberse a la presencia de virus o a la presencia de otros elementos en los contenidos que puedan producir alteraciones en el sistema inform\u00e1tico, documentos electr\u00f3nicos o ficheros de los usuarios. Por lo mismo\u00a0<b>Cedecur<\/b>\u00a0no ser\u00e1 responsable por ning\u00fan da\u00f1o que se derive de cualquier alteraci\u00f3n que se haya efectuado a los materiales de download provistos directamente por\u00a0<b>Cedecur.<\/b><\/p>\n<h2 style=\"text-align: justify;\"><b>Modificaci\u00f3n de contenidos:<\/b><\/h2>\n<p style=\"text-align: justify;\"><b>Cedecur<\/b>\u00a0se reserva el derecho de modificar o de corregir el contenido de las condiciones y de este sitio web en cualquier momento y sin previo aviso a los usuarios. Todos los derechos que no son expresamente concedidos en los t\u00e9rminos de las presentes disposiciones reglamentarias est\u00e1n reservados por\u00a0<b>Cedecur<\/b>, y, por lo tanto, deben ser de obligatorio acatamiento. El usuario que contravenga lo reglamentado en este documento deber\u00e1 sujetarse a las sanciones civiles y penales que establezca la legislaci\u00f3n sobre derechos de autor en el \u00e1mbito nacional e internacional.<\/p>\n<h2 style=\"text-align: justify;\"><b>Propiedad Intelectual<\/b><\/h2>\n<p style=\"text-align: justify;\">Se entender\u00e1 por contenidos a todas las informaciones, mensajes, gr\u00e1ficos, dibujos, dise\u00f1os, logotipos, nombres, marcas, archivos de sonido y\/o imagen, fotograf\u00edas, grabaciones, software y, en general, cualquier clase de material accesible a trav\u00e9s\u00a0<b>Cedecur<\/b>.<\/p>\n<h2 style=\"text-align: justify;\"><b>Ley aplicable y jurisdicci\u00f3n<\/b><\/h2>\n<p style=\"text-align: justify;\">Estas Condiciones Generales se rigen por la ley colombiana<b>.\u00a0Cedecur<\/b>\u00a0y el Usuario, con renuncia expresa a cualquier otro fuero, se someten al de los Juzgados y Tribunales competentes.<\/p>\n","protected":false},"excerpt":{"rendered":"<p>Los T\u00e9rminos y Condiciones generales que a continuaci\u00f3n se establecen  [&#8230;]<\/p>\n","protected":false},"author":1,"featured_media":0,"parent":0,"menu_order":0,"comment_status":"closed","ping_status":"open","template":"","meta":{"footnotes":""},"class_list":["post-4309","page","type-page","status-publish","hentry"],"yoast_head":"<!-- This site is optimized with the Yoast SEO plugin v27.0 - https:\/\/yoast.com\/product\/yoast-seo-wordpress\/ -->\n<title>T\u00e9rminos y Condiciones | Cedecur<\/title>\n<meta name=\"robots\" content=\"index, follow, max-snippet:-1, max-image-preview:large, max-video-preview:-1\" \/>\n<link rel=\"canonical\" href=\"https:\/\/cedecur.org\/web\/terminos-y-condiciones\/\" \/>\n<meta property=\"og:locale\" content=\"es_ES\" \/>\n<meta property=\"og:type\" content=\"article\" \/>\n<meta property=\"og:title\" content=\"T\u00e9rminos y Condiciones | Cedecur\" \/>\n<meta property=\"og:description\" content=\"Los T\u00e9rminos y Condiciones generales que a continuaci\u00f3n se establecen [...]\" \/>\n<meta property=\"og:url\" content=\"https:\/\/cedecur.org\/web\/terminos-y-condiciones\/\" \/>\n<meta property=\"og:site_name\" content=\"Cedecur\" \/>\n<meta property=\"article:modified_time\" content=\"2023-05-21T14:16:36+00:00\" \/>\n<meta name=\"twitter:card\" content=\"summary_large_image\" \/>\n<meta name=\"twitter:label1\" content=\"Tiempo de lectura\" \/>\n\t<meta name=\"twitter:data1\" content=\"4 minutos\" \/>\n<script type=\"application\/ld+json\" class=\"yoast-schema-graph\">{\"@context\":\"https:\/\/schema.org\",\"@graph\":[{\"@type\":\"WebPage\",\"@id\":\"https:\/\/cedecur.org\/web\/terminos-y-condiciones\/\",\"url\":\"https:\/\/cedecur.org\/web\/terminos-y-condiciones\/\",\"name\":\"T\u00e9rminos y Condiciones | Cedecur\",\"isPartOf\":{\"@id\":\"https:\/\/cedecur.org\/web\/#website\"},\"datePublished\":\"2023-05-21T13:51:34+00:00\",\"dateModified\":\"2023-05-21T14:16:36+00:00\",\"breadcrumb\":{\"@id\":\"https:\/\/cedecur.org\/web\/terminos-y-condiciones\/#breadcrumb\"},\"inLanguage\":\"es\",\"potentialAction\":[{\"@type\":\"ReadAction\",\"target\":[\"https:\/\/cedecur.org\/web\/terminos-y-condiciones\/\"]}]},{\"@type\":\"BreadcrumbList\",\"@id\":\"https:\/\/cedecur.org\/web\/terminos-y-condiciones\/#breadcrumb\",\"itemListElement\":[{\"@type\":\"ListItem\",\"position\":1,\"name\":\"Portada\",\"item\":\"https:\/\/cedecur.org\/web\/\"},{\"@type\":\"ListItem\",\"position\":2,\"name\":\"T\u00e9rminos y Condiciones\"}]},{\"@type\":\"WebSite\",\"@id\":\"https:\/\/cedecur.org\/web\/#website\",\"url\":\"https:\/\/cedecur.org\/web\/\",\"name\":\"Cedecur\",\"description\":\"Contribuyendo al desarrollo integral con equidad de las comunidades\",\"potentialAction\":[{\"@type\":\"SearchAction\",\"target\":{\"@type\":\"EntryPoint\",\"urlTemplate\":\"https:\/\/cedecur.org\/web\/?s={search_term_string}\"},\"query-input\":{\"@type\":\"PropertyValueSpecification\",\"valueRequired\":true,\"valueName\":\"search_term_string\"}}],\"inLanguage\":\"es\"}]}<\/script>\n<!-- \/ Yoast SEO plugin. -->","yoast_head_json":{"title":"T\u00e9rminos y Condiciones | Cedecur","robots":{"index":"index","follow":"follow","max-snippet":"max-snippet:-1","max-image-preview":"max-image-preview:large","max-video-preview":"max-video-preview:-1"},"canonical":"https:\/\/cedecur.org\/web\/terminos-y-condiciones\/","og_locale":"es_ES","og_type":"article","og_title":"T\u00e9rminos y Condiciones | Cedecur","og_description":"Los T\u00e9rminos y Condiciones generales que a continuaci\u00f3n se establecen [...]","og_url":"https:\/\/cedecur.org\/web\/terminos-y-condiciones\/","og_site_name":"Cedecur","article_modified_time":"2023-05-21T14:16:36+00:00","twitter_card":"summary_large_image","twitter_misc":{"Tiempo de lectura":"4 minutos"},"schema":{"@context":"https:\/\/schema.org","@graph":[{"@type":"WebPage","@id":"https:\/\/cedecur.org\/web\/terminos-y-condiciones\/","url":"https:\/\/cedecur.org\/web\/terminos-y-condiciones\/","name":"T\u00e9rminos y Condiciones | Cedecur","isPartOf":{"@id":"https:\/\/cedecur.org\/web\/#website"},"datePublished":"2023-05-21T13:51:34+00:00","dateModified":"2023-05-21T14:16:36+00:00","breadcrumb":{"@id":"https:\/\/cedecur.org\/web\/terminos-y-condiciones\/#breadcrumb"},"inLanguage":"es","potentialAction":[{"@type":"ReadAction","target":["https:\/\/cedecur.org\/web\/terminos-y-condiciones\/"]}]},{"@type":"BreadcrumbList","@id":"https:\/\/cedecur.org\/web\/terminos-y-condiciones\/#breadcrumb","itemListElement":[{"@type":"ListItem","position":1,"name":"Portada","item":"https:\/\/cedecur.org\/web\/"},{"@type":"ListItem","position":2,"name":"T\u00e9rminos y Condiciones"}]},{"@type":"WebSite","@id":"https:\/\/cedecur.org\/web\/#website","url":"https:\/\/cedecur.org\/web\/","name":"Cedecur","description":"Contribuyendo al desarrollo integral con equidad de las comunidades","potentialAction":[{"@type":"SearchAction","target":{"@type":"EntryPoint","urlTemplate":"https:\/\/cedecur.org\/web\/?s={search_term_string}"},"query-input":{"@type":"PropertyValueSpecification","valueRequired":true,"valueName":"search_term_string"}}],"inLanguage":"es"}]}},"_links":{"self":[{"href":"https:\/\/cedecur.org\/web\/wp-json\/wp\/v2\/pages\/4309","targetHints":{"allow":["GET"]}}],"collection":[{"href":"https:\/\/cedecur.org\/web\/wp-json\/wp\/v2\/pages"}],"about":[{"href":"https:\/\/cedecur.org\/web\/wp-json\/wp\/v2\/types\/page"}],"author":[{"embeddable":true,"href":"https:\/\/cedecur.org\/web\/wp-json\/wp\/v2\/users\/1"}],"replies":[{"embeddable":true,"href":"https:\/\/cedecur.org\/web\/wp-json\/wp\/v2\/comments?post=4309"}],"version-history":[{"count":5,"href":"https:\/\/cedecur.org\/web\/wp-json\/wp\/v2\/pages\/4309\/revisions"}],"predecessor-version":[{"id":4326,"href":"https:\/\/cedecur.org\/web\/wp-json\/wp\/v2\/pages\/4309\/revisions\/4326"}],"wp:attachment":[{"href":"https:\/\/cedecur.org\/web\/wp-json\/wp\/v2\/media?parent=4309"}],"curies":[{"name":"wp","href":"https:\/\/api.w.org\/{rel}","templated":true}]}}