{"id":3809,"date":"2023-04-15T15:30:48","date_gmt":"2023-04-15T15:30:48","guid":{"rendered":"https:\/\/cedecur.org\/web\/?post_type=product&#038;p=3809"},"modified":"2023-05-16T21:28:24","modified_gmt":"2023-05-16T21:28:24","slug":"donacion-libre","status":"publish","type":"product","link":"https:\/\/cedecur.org\/web\/producto\/donacion-libre\/","title":{"rendered":"Donaci\u00f3n libre"},"content":{"rendered":"<div class=\"fusion-title title fusion-title-5 fusion-sep-none fusion-title-center fusion-title-text fusion-title-size-paragraph\">\n<h3 class=\"p1\" style=\"text-align: left;\"><strong>\u00a1Varias manos pueden sostener el mundo!<\/strong><\/h3>\n<p style=\"text-align: left;\">Somos una entidad sin \u00e1nimo de lucro que cuenta con 40 a\u00f1os de experiencia en el Sur Occidente colombiano. Esto significa que cada a\u00f1o realizamos grandes esfuerzos para continuar contribuyendo al desarrollo integral de las comunidades de por medio de alianzas, proyectos y donaciones.<\/p>\n<\/div>\n","protected":false},"excerpt":{"rendered":"<h3>Donaci\u00f3n libre<\/h3>\n<p style=\"text-align: left;\">Aqu\u00ed tienes distintas opciones de donaci\u00f3n: donar dinero, insumos o tiempo, elige la que mejor se te ajuste.<\/p>\n<h3 style=\"text-align: left;\"><strong>Si quieres ser parte del cambio, te brindamos las siguientes opciones:<\/strong><\/h3>\n","protected":false},"featured_media":3569,"comment_status":"open","ping_status":"closed","template":"","meta":[],"product_brand":[],"product_cat":[34],"product_tag":[],"class_list":{"0":"post-3809","1":"product","2":"type-product","3":"status-publish","4":"has-post-thumbnail","6":"product_cat-sin-categorizar","8":"first","9":"instock","10":"shipping-taxable","11":"purchasable","12":"product-type-variable"},"yoast_head":"<!-- This site is optimized with the Yoast SEO plugin v27.0 - https:\/\/yoast.com\/product\/yoast-seo-wordpress\/ -->\n<title>Donaci\u00f3n libre | Cedecur<\/title>\n<meta name=\"description\" content=\"Durante los \u00faltimos 10 a\u00f1os, mediante este programa hemos apoyado a 430 entre los 18 y 24 a\u00f1os en la formaci\u00f3n en mec\u00e1nica de motos y empleabilidad en su oficio.\" \/>\n<meta name=\"robots\" content=\"index, follow, max-snippet:-1, max-image-preview:large, max-video-preview:-1\" \/>\n<link rel=\"canonical\" href=\"https:\/\/cedecur.org\/web\/producto\/donacion-libre\/\" \/>\n<meta property=\"og:locale\" content=\"es_ES\" \/>\n<meta property=\"og:type\" content=\"article\" \/>\n<meta property=\"og:title\" content=\"Donaci\u00f3n libre | Cedecur\" \/>\n<meta property=\"og:description\" content=\"Durante los \u00faltimos 10 a\u00f1os, mediante este programa hemos apoyado a 430 entre los 18 y 24 a\u00f1os en la formaci\u00f3n en mec\u00e1nica de motos y empleabilidad en su oficio.\" \/>\n<meta property=\"og:url\" content=\"https:\/\/cedecur.org\/web\/producto\/donacion-libre\/\" \/>\n<meta property=\"og:site_name\" content=\"Cedecur\" \/>\n<meta property=\"article:modified_time\" content=\"2023-05-16T21:28:24+00:00\" \/>\n<meta property=\"og:image\" content=\"https:\/\/cedecur.org\/web\/wp-content\/uploads\/2023\/04\/Cedecur_54.webp\" \/>\n\t<meta property=\"og:image:width\" content=\"1920\" \/>\n\t<meta property=\"og:image:height\" content=\"1440\" \/>\n\t<meta property=\"og:image:type\" content=\"image\/webp\" \/>\n<meta name=\"twitter:card\" content=\"summary_large_image\" \/>\n<meta name=\"twitter:label1\" content=\"Tiempo de lectura\" \/>\n\t<meta name=\"twitter:data1\" content=\"1 minuto\" \/>\n<script type=\"application\/ld+json\" class=\"yoast-schema-graph\">{\"@context\":\"https:\/\/schema.org\",\"@graph\":[{\"@type\":\"WebPage\",\"@id\":\"https:\/\/cedecur.org\/web\/producto\/donacion-libre\/\",\"url\":\"https:\/\/cedecur.org\/web\/producto\/donacion-libre\/\",\"name\":\"Donaci\u00f3n libre | Cedecur\",\"isPartOf\":{\"@id\":\"https:\/\/cedecur.org\/web\/#website\"},\"primaryImageOfPage\":{\"@id\":\"https:\/\/cedecur.org\/web\/producto\/donacion-libre\/#primaryimage\"},\"image\":{\"@id\":\"https:\/\/cedecur.org\/web\/producto\/donacion-libre\/#primaryimage\"},\"thumbnailUrl\":\"https:\/\/cedecur.org\/web\/wp-content\/uploads\/2023\/04\/Cedecur_54.webp\",\"datePublished\":\"2023-04-15T15:30:48+00:00\",\"dateModified\":\"2023-05-16T21:28:24+00:00\",\"description\":\"Durante los \u00faltimos 10 a\u00f1os, mediante este programa hemos apoyado a 430 entre los 18 y 24 a\u00f1os en la formaci\u00f3n en mec\u00e1nica de motos y empleabilidad en su oficio.\",\"breadcrumb\":{\"@id\":\"https:\/\/cedecur.org\/web\/producto\/donacion-libre\/#breadcrumb\"},\"inLanguage\":\"es\",\"potentialAction\":[{\"@type\":\"ReadAction\",\"target\":[\"https:\/\/cedecur.org\/web\/producto\/donacion-libre\/\"]}]},{\"@type\":\"ImageObject\",\"inLanguage\":\"es\",\"@id\":\"https:\/\/cedecur.org\/web\/producto\/donacion-libre\/#primaryimage\",\"url\":\"https:\/\/cedecur.org\/web\/wp-content\/uploads\/2023\/04\/Cedecur_54.webp\",\"contentUrl\":\"https:\/\/cedecur.org\/web\/wp-content\/uploads\/2023\/04\/Cedecur_54.webp\",\"width\":1920,\"height\":1440,\"caption\":\"cedecur\"},{\"@type\":\"BreadcrumbList\",\"@id\":\"https:\/\/cedecur.org\/web\/producto\/donacion-libre\/#breadcrumb\",\"itemListElement\":[{\"@type\":\"ListItem\",\"position\":1,\"name\":\"Portada\",\"item\":\"https:\/\/cedecur.org\/web\/\"},{\"@type\":\"ListItem\",\"position\":2,\"name\":\"Tienda\",\"item\":\"https:\/\/cedecur.org\/web\/tienda\/\"},{\"@type\":\"ListItem\",\"position\":3,\"name\":\"Donaci\u00f3n libre\"}]},{\"@type\":\"WebSite\",\"@id\":\"https:\/\/cedecur.org\/web\/#website\",\"url\":\"https:\/\/cedecur.org\/web\/\",\"name\":\"Cedecur\",\"description\":\"Contribuyendo al desarrollo integral con equidad de las comunidades\",\"potentialAction\":[{\"@type\":\"SearchAction\",\"target\":{\"@type\":\"EntryPoint\",\"urlTemplate\":\"https:\/\/cedecur.org\/web\/?s={search_term_string}\"},\"query-input\":{\"@type\":\"PropertyValueSpecification\",\"valueRequired\":true,\"valueName\":\"search_term_string\"}}],\"inLanguage\":\"es\"}]}<\/script>\n<!-- \/ Yoast SEO plugin. -->","yoast_head_json":{"title":"Donaci\u00f3n libre | Cedecur","description":"Durante los \u00faltimos 10 a\u00f1os, mediante este programa hemos apoyado a 430 entre los 18 y 24 a\u00f1os en la formaci\u00f3n en mec\u00e1nica de motos y empleabilidad en su oficio.","robots":{"index":"index","follow":"follow","max-snippet":"max-snippet:-1","max-image-preview":"max-image-preview:large","max-video-preview":"max-video-preview:-1"},"canonical":"https:\/\/cedecur.org\/web\/producto\/donacion-libre\/","og_locale":"es_ES","og_type":"article","og_title":"Donaci\u00f3n libre | Cedecur","og_description":"Durante los \u00faltimos 10 a\u00f1os, mediante este programa hemos apoyado a 430 entre los 18 y 24 a\u00f1os en la formaci\u00f3n en mec\u00e1nica de motos y empleabilidad en su oficio.","og_url":"https:\/\/cedecur.org\/web\/producto\/donacion-libre\/","og_site_name":"Cedecur","article_modified_time":"2023-05-16T21:28:24+00:00","og_image":[{"width":1920,"height":1440,"url":"https:\/\/cedecur.org\/web\/wp-content\/uploads\/2023\/04\/Cedecur_54.webp","type":"image\/webp"}],"twitter_card":"summary_large_image","twitter_misc":{"Tiempo de lectura":"1 minuto"},"schema":{"@context":"https:\/\/schema.org","@graph":[{"@type":"WebPage","@id":"https:\/\/cedecur.org\/web\/producto\/donacion-libre\/","url":"https:\/\/cedecur.org\/web\/producto\/donacion-libre\/","name":"Donaci\u00f3n libre | Cedecur","isPartOf":{"@id":"https:\/\/cedecur.org\/web\/#website"},"primaryImageOfPage":{"@id":"https:\/\/cedecur.org\/web\/producto\/donacion-libre\/#primaryimage"},"image":{"@id":"https:\/\/cedecur.org\/web\/producto\/donacion-libre\/#primaryimage"},"thumbnailUrl":"https:\/\/cedecur.org\/web\/wp-content\/uploads\/2023\/04\/Cedecur_54.webp","datePublished":"2023-04-15T15:30:48+00:00","dateModified":"2023-05-16T21:28:24+00:00","description":"Durante los \u00faltimos 10 a\u00f1os, mediante este programa hemos apoyado a 430 entre los 18 y 24 a\u00f1os en la formaci\u00f3n en mec\u00e1nica de motos y empleabilidad en su oficio.","breadcrumb":{"@id":"https:\/\/cedecur.org\/web\/producto\/donacion-libre\/#breadcrumb"},"inLanguage":"es","potentialAction":[{"@type":"ReadAction","target":["https:\/\/cedecur.org\/web\/producto\/donacion-libre\/"]}]},{"@type":"ImageObject","inLanguage":"es","@id":"https:\/\/cedecur.org\/web\/producto\/donacion-libre\/#primaryimage","url":"https:\/\/cedecur.org\/web\/wp-content\/uploads\/2023\/04\/Cedecur_54.webp","contentUrl":"https:\/\/cedecur.org\/web\/wp-content\/uploads\/2023\/04\/Cedecur_54.webp","width":1920,"height":1440,"caption":"cedecur"},{"@type":"BreadcrumbList","@id":"https:\/\/cedecur.org\/web\/producto\/donacion-libre\/#breadcrumb","itemListElement":[{"@type":"ListItem","position":1,"name":"Portada","item":"https:\/\/cedecur.org\/web\/"},{"@type":"ListItem","position":2,"name":"Tienda","item":"https:\/\/cedecur.org\/web\/tienda\/"},{"@type":"ListItem","position":3,"name":"Donaci\u00f3n libre"}]},{"@type":"WebSite","@id":"https:\/\/cedecur.org\/web\/#website","url":"https:\/\/cedecur.org\/web\/","name":"Cedecur","description":"Contribuyendo al desarrollo integral con equidad de las comunidades","potentialAction":[{"@type":"SearchAction","target":{"@type":"EntryPoint","urlTemplate":"https:\/\/cedecur.org\/web\/?s={search_term_string}"},"query-input":{"@type":"PropertyValueSpecification","valueRequired":true,"valueName":"search_term_string"}}],"inLanguage":"es"}]}},"_links":{"self":[{"href":"https:\/\/cedecur.org\/web\/wp-json\/wp\/v2\/product\/3809","targetHints":{"allow":["GET"]}}],"collection":[{"href":"https:\/\/cedecur.org\/web\/wp-json\/wp\/v2\/product"}],"about":[{"href":"https:\/\/cedecur.org\/web\/wp-json\/wp\/v2\/types\/product"}],"replies":[{"embeddable":true,"href":"https:\/\/cedecur.org\/web\/wp-json\/wp\/v2\/comments?post=3809"}],"wp:featuredmedia":[{"embeddable":true,"href":"https:\/\/cedecur.org\/web\/wp-json\/wp\/v2\/media\/3569"}],"wp:attachment":[{"href":"https:\/\/cedecur.org\/web\/wp-json\/wp\/v2\/media?parent=3809"}],"wp:term":[{"taxonomy":"product_brand","embeddable":true,"href":"https:\/\/cedecur.org\/web\/wp-json\/wp\/v2\/product_brand?post=3809"},{"taxonomy":"product_cat","embeddable":true,"href":"https:\/\/cedecur.org\/web\/wp-json\/wp\/v2\/product_cat?post=3809"},{"taxonomy":"product_tag","embeddable":true,"href":"https:\/\/cedecur.org\/web\/wp-json\/wp\/v2\/product_tag?post=3809"}],"curies":[{"name":"wp","href":"https:\/\/api.w.org\/{rel}","templated":true}]}}